{"id":1859,"date":"2024-03-22T10:35:09","date_gmt":"2024-03-22T10:35:09","guid":{"rendered":"https:\/\/expatlegalspain.com\/aviso-legal\/"},"modified":"2024-03-22T11:05:36","modified_gmt":"2024-03-22T11:05:36","slug":"aviso-legal","status":"publish","type":"page","link":"https:\/\/expatlegalspain.com\/es\/aviso-legal\/","title":{"rendered":"AVISO LEGAL"},"content":{"rendered":"\t\t<div data-elementor-type=\"wp-page\" data-elementor-id=\"1859\" class=\"elementor elementor-1859 elementor-1767\" data-elementor-post-type=\"page\">\n\t\t\t\t<div class=\"elementor-element elementor-element-4622955 bg-animation e-flex e-con-boxed e-con e-parent\" data-id=\"4622955\" data-element_type=\"container\" data-settings=\"{&quot;background_background&quot;:&quot;classic&quot;,&quot;background_motion_fx_motion_fx_scrolling&quot;:&quot;yes&quot;,&quot;background_motion_fx_translateY_effect&quot;:&quot;yes&quot;,&quot;background_motion_fx_translateY_direction&quot;:&quot;negative&quot;,&quot;background_motion_fx_translateY_speed&quot;:{&quot;unit&quot;:&quot;px&quot;,&quot;size&quot;:10,&quot;sizes&quot;:[]},&quot;background_motion_fx_translateX_effect&quot;:&quot;yes&quot;,&quot;background_motion_fx_motion_fx_mouse&quot;:&quot;yes&quot;,&quot;background_motion_fx_translateY_affectedRange&quot;:{&quot;unit&quot;:&quot;%&quot;,&quot;size&quot;:&quot;&quot;,&quot;sizes&quot;:{&quot;start&quot;:0,&quot;end&quot;:100}},&quot;background_motion_fx_translateX_speed&quot;:{&quot;unit&quot;:&quot;px&quot;,&quot;size&quot;:4,&quot;sizes&quot;:[]},&quot;background_motion_fx_translateX_affectedRange&quot;:{&quot;unit&quot;:&quot;%&quot;,&quot;size&quot;:&quot;&quot;,&quot;sizes&quot;:{&quot;start&quot;:0,&quot;end&quot;:100}},&quot;background_motion_fx_devices&quot;:[&quot;desktop&quot;,&quot;tablet&quot;,&quot;mobile&quot;]}\">\n\t\t\t\t\t<div class=\"e-con-inner\">\n\t\t<div class=\"elementor-element elementor-element-5dba32a e-flex e-con-boxed e-con e-child\" data-id=\"5dba32a\" data-element_type=\"container\" data-settings=\"{&quot;background_background&quot;:&quot;classic&quot;}\">\n\t\t\t\t\t<div class=\"e-con-inner\">\n\t\t\t\t<div class=\"elementor-element elementor-element-94e5351 elementor-widget elementor-widget-heading\" data-id=\"94e5351\" data-element_type=\"widget\" data-widget_type=\"heading.default\">\n\t\t\t\t<div class=\"elementor-widget-container\">\n\t\t\t\t\t<h1 class=\"elementor-heading-title elementor-size-default\">AVISO LEGAL<\/h1>\t\t\t\t<\/div>\n\t\t\t\t<\/div>\n\t\t\t\t\t<\/div>\n\t\t\t\t<\/div>\n\t\t\t\t\t<\/div>\n\t\t\t\t<\/div>\n\t\t<div class=\"elementor-element elementor-element-771b3a8 e-flex e-con-boxed e-con e-parent\" data-id=\"771b3a8\" data-element_type=\"container\">\n\t\t\t\t\t<div class=\"e-con-inner\">\n\t\t\t\t<div class=\"elementor-element elementor-element-3550574 elementor-widget elementor-widget-text-editor\" data-id=\"3550574\" data-element_type=\"widget\" data-widget_type=\"text-editor.default\">\n\t\t\t\t<div class=\"elementor-widget-container\">\n\t\t\t\t\t\t\t\t\t<p>De acuerdo con lo dispuesto en la Ley 34\/2002, de 11 de julio, de servicios de la sociedad de la informaci\u00f3n y de comercio electr\u00f3nico, se facilita la siguiente informaci\u00f3n:<\/p>\n<p><strong>1. DATOS DE IDENTIFICACI\u00d3N<\/strong><\/p>\n<p>Est\u00e1s visitando la p\u00e1gina web www.expatlegalspain.com propiedad de M\u00aa Alejandra M\u00e1rquez G\u00f3mez con domicilio laboral en C\/ SAN VICENTE M\u00c1RTIR N\u00ba 112 PTA. 6 (46007 VALENCIA) VALENCIA, con D.N.I. 29188090D, en adelante EL PROPIETARIO. Podr\u00e1 contactar con el PROPIETARIO por cualquiera de los siguientes medios: Tel\u00e9fono: 692931116 Correo electr\u00f3nico de contacto: sandramarquez@icav.es.<\/p>\n<p><strong>2. USUARIOS<\/strong><\/p>\n<p>Las presentes condiciones (en adelante Aviso Legal) tienen por objeto regular el uso del sitio web de EL PROPIETARIO que pone a disposici\u00f3n del p\u00fablico. El acceso y\/o uso de este sitio web atribuye la condici\u00f3n de USUARIO, que acepta, desde dicho acceso y\/o uso, las condiciones generales de uso aqu\u00ed reflejadas. Las citadas condiciones ser\u00e1n de aplicaci\u00f3n independientemente de las condiciones generales de contrataci\u00f3n que, en su caso, sean de obligado cumplimiento.<\/p>\n<p><strong>3. USO DEL PORTAL<\/strong><\/p>\n<p>https:\/www.expatlegalspain.com proporciona el acceso a multitud de informaciones, servicios, programas o datos (en adelante, \u201clos contenidos\u201d) en Internet pertenecientes a EL PROPIETARIO o a sus licenciantes a los que el USUARIO puede tener acceso. El usuario asume la responsabilidad del uso del portal. Esta responsabilidad se extiende al registro que sea necesario para acceder a determinados servicios o contenidos. En dicho registro el USUARIO ser\u00e1 responsable de aportar informaci\u00f3n veraz y l\u00edcita. Como consecuencia de este registro, el USUARIO podr\u00e1 recibir una contrase\u00f1a de la que ser\u00e1 responsable, comprometi\u00e9ndose a hacer un uso diligente y confidencial de la misma. El USUARIO se compromete a hacer un uso adecuado de los contenidos y servicios (p. ej. servicios de chat, foros de discusi\u00f3n o grupos de noticias) que EL PROPIETARIO ofrece a trav\u00e9s de su portal y con car\u00e1cter enunciativo pero no limitativo, a no utilizarlos para: Incurrir en actividades il\u00edcitas, ilegales o contrarios a la buena fe y al orden p\u00fablico. Difundir contenidos o propaganda racista, xen\u00f3foba, pornogr\u00e1fica-ilegal, de apolog\u00eda del terrorismo o de atentado contra los derechos humanos. Provocar da\u00f1os en los sistemas f\u00edsicos y l\u00f3gicos de MARIA ALEJANDRA M\u00c1RQUEZ G\u00d3MEZ, de sus proveedores o de terceras personas, introducir o difundir en la red virus inform\u00e1ticos o cualesquiera otros sistemas f\u00edsicos o l\u00f3gicos que sean susceptibles de provocar los da\u00f1os anteriormente mencionados. Intentar acceder y, en su caso, utilizar las cuentas de correo electr\u00f3nico de otros usuarios y modificar o manipular sus mensajes. Utilizar el sitio web o la informaci\u00f3n contenida en el mismo con fines comerciales, pol\u00edticos, publicitarios y para cualquier uso comercial, especialmente en el env\u00edo de correos electr\u00f3nicos no solicitados. EL PROPIETARIO se reserva el derecho de retirar todos aquellos comentarios y aportaciones que atenten contra el respeto a la dignidad de la persona, que sean discriminatorios, xen\u00f3fobos, pornogr\u00e1ficos racistas, que atenten contra la juventud o la infancia, el orden o la seguridad p\u00fablica o que, a su juicio, no No ser\u00e1 adecuado para su publicaci\u00f3n. En cualquier caso, EL PROPIETARIO no ser\u00e1 responsable de las opiniones vertidas por los usuarios a trav\u00e9s de foros, chats u otras herramientas de participaci\u00f3n.<\/p>\n<p><strong>4. PROTECCI\u00d3N DE DATOS.<\/strong><\/p>\n<p>Todo lo relacionado con la pol\u00edtica de protecci\u00f3n de datos est\u00e1 incluido en el documento de pol\u00edtica de privacidad.<\/p>\n<p><strong>5. CONTENIDOS. PROPIEDAD INTELECTUAL E INDUSTRIAL.<\/strong><\/p>\n<p>EL PROPIETARIO es propietario de todos los derechos de propiedad intelectual e industrial de su sitio web, as\u00ed como de los elementos contenidos en el mismo (a t\u00edtulo enunciativo: im\u00e1genes, fotograf\u00edas, sonido, audio, v\u00eddeo, software o textos; marcas o logotipos, color combinaciones, estructura y dise\u00f1o, selecci\u00f3n de materiales utilizados, programas de ordenador necesarios para su funcionamiento, acceso y uso, etc.), titularidad del TITULAR o de sus licenciantes. Reservados todos los derechos. De conformidad con lo dispuesto en los art\u00edculos 8 y 32.1, p\u00e1rrafo segundo, de la Ley de Propiedad Intelectual, quedan expresamente prohibidas la reproducci\u00f3n, distribuci\u00f3n y reproducci\u00f3n. comunicaci\u00f3n p\u00fablica, incluida su modalidad de puesta a disposici\u00f3n, de la totalidad o parte de los contenidos de este sitio web, con fines comerciales, en cualquier soporte y por cualquier medio t\u00e9cnico, sin la autorizaci\u00f3n del PROPIETARIO.<\/p>\n<p><strong>6. EXCLUSI\u00d3N DE GARANT\u00cdAS Y RESPONSABILIDAD.<\/strong><\/p>\n<p>EL USUARIO reconoce que el uso del sitio web y de sus contenidos y servicios se desarrolla bajo su exclusiva responsabilidad. En concreto, a t\u00edtulo meramente enunciativo, EL PROPIETARIO no asume ninguna responsabilidad en las siguientes materias: La disponibilidad del funcionamiento del sitio web, de sus servicios y contenidos y de su calidad o interoperabilidad. La finalidad para la que el sitio web sirve a los objetivos del USUARIO. La violaci\u00f3n de la legislaci\u00f3n vigente por parte del USUARIO o de terceros y, en concreto, de los derechos de propiedad intelectual y de propiedad industrial que sean titularidad de otras personas o entidades. Existencia de c\u00f3digos maliciosos o cualquier otro elemento inform\u00e1tico da\u00f1ino que pueda provocar el sistema inform\u00e1tico del USUARIO o de terceros. Corresponde al USUARIO, en todo caso, disponer de herramientas adecuadas para la detecci\u00f3n y desinfecci\u00f3n de estos elementos. El acceso fraudulento a contenidos o servicios por parte de terceros no autorizados, o, en su caso, la captura, eliminaci\u00f3n, alteraci\u00f3n, modificaci\u00f3n o manipulaci\u00f3n de los mensajes y comunicaciones de cualquier clase que dichos terceros puedan realizar. La exactitud, veracidad, actualidad y utilidad de los contenidos y servicios ofrecidos y el uso posterior que el USUARIO haga de los mismos. EL PROPIETARIO pondr\u00e1 todos los esfuerzos y medios razonables para facilitar informaci\u00f3n actualizada y fiable. Los da\u00f1os a los equipos inform\u00e1ticos durante el acceso al sitio web y los da\u00f1os causados a los USUARIOS cuando tengan su origen en fallos o desconexiones en las redes de telecomunicaciones que interrumpan el servicio. Los da\u00f1os o perjuicios que surjan de circunstancias derivadas de caso fortuito o fuerza mayor. En caso de existir foros, el uso de los mismos u otros espacios an\u00e1logos, se debe tener en cuenta que los mensajes reflejan \u00fanicamente la opini\u00f3n del USUARIO que los env\u00eda, quien es el \u00fanico responsable. EL PROPIETARIO no se hace responsable del contenido de los mensajes enviados por el USUARIO.<\/p>\n<p><strong>7. MODIFICACI\u00d3N DEL PRESENTE AVISO LEGAL Y DURACI\u00d3N.<\/strong><\/p>\n<p>EL PROPIETARIO se reserva el derecho de realizar sin previo aviso las modificaciones que considere oportunas en su portal, pudiendo cambiar, eliminar o a\u00f1adir tantos contenidos y servicios que se proporcionan a trav\u00e9s del mismo, como as\u00ed como la forma en la que se encuentran. representado o ubicado en su portal. La vigencia de las citadas condiciones ir\u00e1 en funci\u00f3n de su exposici\u00f3n y estar\u00e1n vigentes hasta que sean modificadas por otras debidamente publicadas.<\/p>\n<p><strong>8. ENLACES.<\/strong><\/p>\n<p>En el caso de que en www.expatlegalspain.com se incluyeran enlaces o hiperv\u00ednculos hac\u00eda otros sitios de Internet, EL PROPIETARIO no ejercer\u00e1 ning\u00fan tipo de control sobre dichos sitios y contenidos. En ning\u00fan caso EL PROPIETARIO asumir\u00e1 responsabilidad alguna por los contenidos de alg\u00fan enlace perteneciente a un sitio web ajeno, ni garantizar\u00e1 la disponibilidad t\u00e9cnica, calidad, fiabilidad, exactitud, amplitud, veracidad, validez y constitucionalidad de cualquier materia o informaci\u00f3n contenida en ninguno de ellos. de dichos hiperv\u00ednculos y otros sitios en Internet. Asimismo, la inclusi\u00f3n de estas conexiones externas no implicar\u00e1 ning\u00fan tipo de asociaci\u00f3n, fusi\u00f3n o participaci\u00f3n con entidades conectadas.<\/p>\n<p><strong>9. DERECHOS DE EXCLUSI\u00d3N.<\/strong><\/p>\n<p>EL PROPIETARIO se reserva el derecho a denegar o retirar el acceso a portal y\/o los servicios ofrecidos sin necesidad de preaviso, a instancia propia o de un tercero, a aquellos usuarios que incumplan el contenido de este aviso legal.<\/p>\n<p><strong>10. GENERALIDADES.<\/strong><\/p>\n<p>EL PROPIETARIO perseguir\u00e1 el incumplimiento de las presentes condiciones as\u00ed como cualquier utilizaci\u00f3n indebida de su portal ejerciendo todas las acciones civiles y penales que le puedan corresponder en derecho.<\/p>\n<p><strong>11. LEGISLACI\u00d3N APLICABLE Y JURISDICCI\u00d3N.<\/strong><\/p>\n<p>La relaci\u00f3n entre EL PROPIETARIO y EL USUARIO se regir\u00e1 por la normativa espa\u00f1ola vigente. Todas las disputas y reclamaciones que surjan de este<br \/>\naviso legal ser\u00e1 resuelto por los juzgados y tribunales espa\u00f1oles de Valencia.<\/p>\n<p><strong>12. MENORES DE EDAD.<\/strong><br \/>\nwww.expatlegalspain.com dirige sus servicios a usuarios mayores de 18 a\u00f1os. Los menores de esta edad no est\u00e1n autorizados a utilizar nuestros servicios y no deben, por tanto, enviarnos sus datos personales. Le informamos que si se diera tal circunstancia, MAR\u00cdA ALEJANDRA M\u00c1QUEZ G\u00d3MEZ no se hace responsable de las posibles consecuencias que pudieran derivarse del incumplimiento del aviso que en esta misma cl\u00e1usula se establece.<\/p>\n\t\t\t\t\t\t\t\t<\/div>\n\t\t\t\t<\/div>\n\t\t\t\t\t<\/div>\n\t\t\t\t<\/div>\n\t\t\t\t<\/div>\n\t\t","protected":false},"excerpt":{"rendered":"<p>De acuerdo con lo dispuesto en la Ley 34\/2002, de 11 de julio, de servicios de la sociedad de la informaci\u00f3n y de comercio electr\u00f3nico, se facilita la siguiente informaci\u00f3n: 1. DATOS DE IDENTIFICACI\u00d3N Est\u00e1s visitando la p\u00e1gina web www.expatlegalspain.com propiedad de M\u00aa Alejandra M\u00e1rquez G\u00f3mez con domicilio laboral en C\/ SAN VICENTE M\u00c1RTIR N\u00ba [&hellip;]<\/p>\n","protected":false},"author":1,"featured_media":0,"parent":0,"menu_order":0,"comment_status":"closed","ping_status":"closed","template":"elementor_header_footer","meta":{"footnotes":""},"class_list":["post-1859","page","type-page","status-publish","hentry"],"_links":{"self":[{"href":"https:\/\/expatlegalspain.com\/es\/wp-json\/wp\/v2\/pages\/1859","targetHints":{"allow":["GET"]}}],"collection":[{"href":"https:\/\/expatlegalspain.com\/es\/wp-json\/wp\/v2\/pages"}],"about":[{"href":"https:\/\/expatlegalspain.com\/es\/wp-json\/wp\/v2\/types\/page"}],"author":[{"embeddable":true,"href":"https:\/\/expatlegalspain.com\/es\/wp-json\/wp\/v2\/users\/1"}],"replies":[{"embeddable":true,"href":"https:\/\/expatlegalspain.com\/es\/wp-json\/wp\/v2\/comments?post=1859"}],"version-history":[{"count":3,"href":"https:\/\/expatlegalspain.com\/es\/wp-json\/wp\/v2\/pages\/1859\/revisions"}],"predecessor-version":[{"id":1867,"href":"https:\/\/expatlegalspain.com\/es\/wp-json\/wp\/v2\/pages\/1859\/revisions\/1867"}],"wp:attachment":[{"href":"https:\/\/expatlegalspain.com\/es\/wp-json\/wp\/v2\/media?parent=1859"}],"curies":[{"name":"wp","href":"https:\/\/api.w.org\/{rel}","templated":true}]}}