{"id":1851,"date":"2024-03-22T10:36:23","date_gmt":"2024-03-22T10:36:23","guid":{"rendered":"https:\/\/expatlegalspain.com\/politica-de-privacidad\/"},"modified":"2024-03-22T11:07:35","modified_gmt":"2024-03-22T11:07:35","slug":"politica-de-privacidad","status":"publish","type":"page","link":"https:\/\/expatlegalspain.com\/es\/politica-de-privacidad\/","title":{"rendered":"POL\u00cdTICA DE PRIVACIDAD"},"content":{"rendered":"\t\t<div data-elementor-type=\"wp-page\" data-elementor-id=\"1851\" class=\"elementor elementor-1851 elementor-1779\" data-elementor-post-type=\"page\">\n\t\t\t\t<div class=\"elementor-element elementor-element-4622955 bg-animation e-flex e-con-boxed e-con e-parent\" data-id=\"4622955\" data-element_type=\"container\" data-settings=\"{&quot;background_background&quot;:&quot;classic&quot;,&quot;background_motion_fx_motion_fx_scrolling&quot;:&quot;yes&quot;,&quot;background_motion_fx_translateY_effect&quot;:&quot;yes&quot;,&quot;background_motion_fx_translateY_direction&quot;:&quot;negative&quot;,&quot;background_motion_fx_translateY_speed&quot;:{&quot;unit&quot;:&quot;px&quot;,&quot;size&quot;:10,&quot;sizes&quot;:[]},&quot;background_motion_fx_translateX_effect&quot;:&quot;yes&quot;,&quot;background_motion_fx_motion_fx_mouse&quot;:&quot;yes&quot;,&quot;background_motion_fx_translateY_affectedRange&quot;:{&quot;unit&quot;:&quot;%&quot;,&quot;size&quot;:&quot;&quot;,&quot;sizes&quot;:{&quot;start&quot;:0,&quot;end&quot;:100}},&quot;background_motion_fx_translateX_speed&quot;:{&quot;unit&quot;:&quot;px&quot;,&quot;size&quot;:4,&quot;sizes&quot;:[]},&quot;background_motion_fx_translateX_affectedRange&quot;:{&quot;unit&quot;:&quot;%&quot;,&quot;size&quot;:&quot;&quot;,&quot;sizes&quot;:{&quot;start&quot;:0,&quot;end&quot;:100}},&quot;background_motion_fx_devices&quot;:[&quot;desktop&quot;,&quot;tablet&quot;,&quot;mobile&quot;]}\">\n\t\t\t\t\t<div class=\"e-con-inner\">\n\t\t<div class=\"elementor-element elementor-element-5dba32a e-flex e-con-boxed e-con e-child\" data-id=\"5dba32a\" data-element_type=\"container\" data-settings=\"{&quot;background_background&quot;:&quot;classic&quot;}\">\n\t\t\t\t\t<div class=\"e-con-inner\">\n\t\t\t\t<div class=\"elementor-element elementor-element-94e5351 elementor-widget elementor-widget-heading\" data-id=\"94e5351\" data-element_type=\"widget\" data-widget_type=\"heading.default\">\n\t\t\t\t<div class=\"elementor-widget-container\">\n\t\t\t\t\t<h1 class=\"elementor-heading-title elementor-size-default\">POL\u00cdTICA DE PRIVACIDAD<\/h1>\t\t\t\t<\/div>\n\t\t\t\t<\/div>\n\t\t\t\t\t<\/div>\n\t\t\t\t<\/div>\n\t\t\t\t\t<\/div>\n\t\t\t\t<\/div>\n\t\t<div class=\"elementor-element elementor-element-771b3a8 e-flex e-con-boxed e-con e-parent\" data-id=\"771b3a8\" data-element_type=\"container\">\n\t\t\t\t\t<div class=\"e-con-inner\">\n\t\t\t\t<div class=\"elementor-element elementor-element-3550574 elementor-widget elementor-widget-text-editor\" data-id=\"3550574\" data-element_type=\"widget\" data-widget_type=\"text-editor.default\">\n\t\t\t\t<div class=\"elementor-widget-container\">\n\t\t\t\t\t\t\t\t\t<p><strong>1. IDENTIFICACI\u00d3N Y DATOS DE CONTACTO DEL RESPONSABLE<\/strong><\/p>\n<p>La organizaci\u00f3n MARIA ALEJANDRA M\u00c1RQUEZ G\u00d3MEZ, con domicilio en la C\/ SAN VICENTE M\u00c1RTIR N\u00ba 112-6 (46007 VALENCIA) VALENCIA, con N.I.F. 29188090D, tel\u00e9fono de contacto: 692931116 y correo electr\u00f3nico sandramarquez@icav.es.<\/p>\n<p><strong>2. FINALIDADES DEL TRATAMIENTO DE SUS DATOS PERSONALES USUARIOS\/NAVEGADORES DEL SITIO WEB DEL RESPONSABLE.<\/strong><br \/>\nTrataremos sus datos personales facilitados a trav\u00e9s de nuestros formularios web para: Atender las solicitudes, quejas e incidencias trasladadas a trav\u00e9s de nuestros canales de contacto incorporados en la p\u00e1gina Web. Comprender el comportamiento del navegante en la web con el fin de detectar posibles ataques inform\u00e1ticos a nuestro sitio web. Cumplir con las obligaciones legales que nos sean directamente aplicables y regulen nuestra actividad. Para proteger y ejercer nuestros derechos o responder frente a reclamaciones de cualquier tipo. En su caso, el env\u00edo de comunicaciones comerciales relacionadas con los bienes o servicios que integran nuestra actividad, y\/o noticias o boletines relacionados con nuestro sector. Gestionar y enviarle la cotizaci\u00f3n solicitada. Gestionamos tus datos para programar la cita solicitada. Gestione, administre y supervise su actividad en el blog\/foro integrado. CLIENTES. Trataremos sus datos personales facilitados a trav\u00e9s de nuestros formularios web para: Gesti\u00f3n de la relaci\u00f3n comercial. La prestaci\u00f3n de los servicios que usted nos haya contratado. Tr\u00e1mites relacionados con el env\u00edo y recepci\u00f3n del producto adquirido a trav\u00e9s de este sitio web. Gesti\u00f3n administrativa, contable y fiscal. Atender las solicitudes y quejas e incidencias reportadas a trav\u00e9s de nuestros canales de contacto incorporados en el sitio web. Comprender el comportamiento del navegador dentro de la web con el fin de detectar posibles ataques inform\u00e1ticos a nuestra web. En su caso, realizar encuestas de calidad que nos permitan evaluar nuestro servicio. En su caso, env\u00edo de comunicaciones comerciales relacionadas con los bienes o servicios que integran nuestra actividad, y\/o noticias o boletines relacionados con nuestro sector. Cumplir con las obligaciones legales que nos sean directamente aplicables y regulen nuestra actividad. Para proteger y ejercer nuestros derechos o responder frente a reclamaciones de cualquier tipo.<\/p>\n<p><strong>3. BASE JUR\u00cdDICA DEL TRATAMIENTO DE LOS USUARIOS\/NAVEGANTES EN LA WEB DEL RESPONSABLE.<\/strong><\/p>\n<p>En el consentimiento que nos has otorgado para tratar tus datos con las finalidades indicadas. La negativa a facilitar sus datos personales supondr\u00e1 la imposibilidad de tratar sus datos con las finalidades antes mencionadas. Para cumplir con las obligaciones legales que nos aplican. En este caso, el interesado no podr\u00e1 negarse al tratamiento de sus datos personales. En nuestro inter\u00e9s leg\u00edtimo de proteger nuestra imagen, negocio y trayectoria evitando ataques a nuestra web. En este caso, el interesado no podr\u00e1 rechazar el tratamiento de sus datos personales, aunque podr\u00e1 ejercitar, en su caso, los derechos reconocidos en el apartado ocho de esta pol\u00edtica de CLIENTES. Ejecuci\u00f3n de un contrato en el que es parte o aplicaci\u00f3n de medidas precontractuales. La negativa a facilitar sus datos personales supondr\u00e1 la imposibilidad de tratar sus datos para las finalidades mencionadas. En el consentimiento que nos has otorgado para tratar tus datos respecto de finalidades ajenas al desarrollo o ejecuci\u00f3n del contrato existente. La negativa a facilitar sus datos personales supondr\u00e1 la imposibilidad de tratar sus datos con las finalidades antes mencionadas. Para cumplir con las obligaciones legales que nos aplican. En este caso, el interesado no podr\u00e1 negarse al tratamiento de sus datos personales. En nuestro inter\u00e9s leg\u00edtimo de proteger nuestra imagen, negocio y trayectoria evitando ataques a nuestra web. En este caso, el interesado no podr\u00e1 rechazar el tratamiento de sus datos personales, aunque podr\u00e1 ejercitar, en su caso, los derechos reconocidos en el apartado ocho de esta pol\u00edtica.<\/p>\n<p><strong>4. PLAZOS O CRITERIOS DE CONSERVACI\u00d3N DE LOS DATOS<\/strong><br \/>\nLos datos personales proporcionados se conservar\u00e1n durante el tiempo necesario para cumplir con las finalidades para las que fueron recabados inicialmente. Una vez que los datos ya no sean necesarios para el tratamiento de que se trate, estos permanecer\u00e1n debidamente bloqueados para, en su caso, ponerlos a disposici\u00f3n de Administraciones y Organismos p\u00fablicos competentes, Jueces y Tribunales o el Ministerio Fiscal, durante el plazo de prescripci\u00f3n de las actuaciones que puedan surgir de la relaci\u00f3n mantenida con el cliente y\/o de los plazos de conservaci\u00f3n previstos por la ley. Plazo de bloqueo de datos: EL C\u00d3DIGO CIVIL. Entre 5 y 15 a\u00f1os seg\u00fan los casos, teniendo en cuenta lo dispuesto en el art\u00edculo 1964.2 del citado organismo legal. EL C\u00d3DIGO DE COMERCIO. Durante 6 a\u00f1os, teniendo en cuenta lo dispuesto en el art\u00edculo 30 del citado cuerpo legal. \u00c9L se aplica respecto de la informaci\u00f3n comercial relacionada con (facturas emitidas y recibidas, tickets, facturas rectificativas, documentos bancarios, etc.). LA LEY GENERAL TRIBUTARIA. Por 4 a\u00f1os cumpliendo lo previsto en los art\u00edculos 66 a 70 del citado cuerpo legal. Se aplica a la informaci\u00f3n relacionada con obligaciones tributarias. LEY 10\/2010, DE 28 DE ABRIL, DE PREVENCI\u00d3N DEL blanqueo de capitales y financiaci\u00f3n del terrorismo. Durante 10 a\u00f1os atendiendo a lo previsto en el art\u00edculo 25 de la ley.<\/p>\n<p><strong>5. DECISIONES AUTOMATIZADAS Y ELABORACI\u00d3N DE PERFILES.<\/strong><\/p>\n<p>El sitio web no toma decisiones automatizadas ni elabora perfiles.<\/p>\n<p><strong>6. DESTINATARIOS.<\/strong><br \/>\nDurante la duraci\u00f3n del tratamiento de sus datos personales, organizaci\u00f3n podr\u00e1 transferir sus datos a los siguientes destinatarios: Jueces y Tribunales. Fuerzas y Cuerpos de Seguridad del Estado. Otras autoridades u organismos p\u00fablicos competentes, cuando el responsable tenga la obligaci\u00f3n legal de facilitar datos personales.<\/p>\n<p><strong>7. TRANSFERENCIAS INTERNACIONALES DE DATOS.<\/strong><br \/>\nLa organizaci\u00f3n no realiza ninguna Transferencia Internacional de Datos.<\/p>\n<p><strong>8. DERECHOS.<\/strong><br \/>\nLos interesados podr\u00e1n ejercitar en cualquier momento y de forma totalmente gratuita los derechos de acceso, rectificaci\u00f3n y supresi\u00f3n, as\u00ed como solicitar que se limite el tratamiento de sus datos personales, oponerse al mismo, solicitar la portabilidad de estos (cuando sea t\u00e9cnicamente posible) o retirar el consentimiento prestado, y en su caso, cuando proceda, salvo que est\u00e9 sujeto a una decisi\u00f3n basada \u00fanicamente en el tratamiento automatizado, incluida la elaboraci\u00f3n de perfiles. Para ello podr\u00e1 utilizar los formularios autorizados por la organizaci\u00f3n, o enviar un escrito a la direcci\u00f3n postal o direcci\u00f3n de correo electr\u00f3nico indicada anteriormente. En cualquier caso, su solicitud deber\u00e1 ir acompa\u00f1ada de una fotocopia de su D.N.I. o documento equivalente, con la finalidad de acreditar su identidad. En el caso de que sienta sus derechos en cuanto a la protecci\u00f3n de sus datos personales, especialmente cuando no haya obtenido satisfacci\u00f3n en el ejercicio de sus derechos, podr\u00e1 presentar una reclamaci\u00f3n ante la Autoridad de Control en Materia de Protecci\u00f3n de Datos competente (Agencia Espa\u00f1ola de Protecci\u00f3n de Datos), a trav\u00e9s de su p\u00e1gina web: www.agpd.es. En cumplimiento de lo dispuesto en el art\u00edculo 21 de la Ley 34\/2002 de servicios de la sociedad de la informaci\u00f3n y de comercio electr\u00f3nico, si no desea recibir m\u00e1s informaci\u00f3n sobre nuestros servicios, puede darse de baja enviando un correo electr\u00f3nico a la direcci\u00f3n monicaolguinabogadas@gmail.com, con asunto \u201cBAJAS\u201d.<\/p>\n<p><strong>9. VERACIDAD DE LOS DATOS.<\/strong><br \/>\nEl interesado garantiza que los datos facilitados son verdaderos, exactos, completos y actualizados; comprometi\u00e9ndose a informar cualquier cambio respecto de los datos facilitados, a trav\u00e9s de los canales habilitados al efecto e indicados en el punto uno de esta pol\u00edtica. Ser responsable de cualquier da\u00f1o o p\u00e9rdida, tanto directa como indirecta, que pueda surgir como consecuencia del incumplimiento de esta obligaci\u00f3n. En el caso de que el usuario facilite datos de terceros, declara que cuenta con el consentimiento de los interesados y se compromete a transmitirle la informaci\u00f3n contenida en esta cl\u00e1usula, eximiendo a la organizaci\u00f3n de cualquier responsabilidad derivada del incumplimiento de esta obligaci\u00f3n. .<\/p>\n<p><strong>10. REDES SOCIALES.<\/strong><br \/>\nLas Redes Sociales forman parte del d\u00eda a d\u00eda de muchos internautas. Internet, y para ellos la Entidad ha creado distintos perfiles en algunos de ellos. Todos los usuarios que visitan nuestro sitio web tienen la oportunidad de unirse a nuestras redes sociales o grupos. Sin embargo, debes tener en cuenta que, salvo que solicitemos tus datos directamente (por ejemplo, a trav\u00e9s de acciones de marketing, concursos, promociones, o cualquier otra forma v\u00e1lida), tus datos pertenecer\u00e1n a la Red Social correspondiente, por lo que te recomendamos que lo hagas atentamente. leer sus condiciones de uso y pol\u00edticas de privacidad, as\u00ed como asegurarse de configurar sus preferencias respecto al tratamiento de datos.<\/p>\n<p><strong>11. MODIFICACIONES\/ACTUALIZACI\u00d3N.<\/strong><br \/>\nEsta pol\u00edtica de privacidad podr\u00e1 ser modificada\/actualizada en funci\u00f3n de las exigencias legales establecidas o con la finalidad de adaptar dicha pol\u00edtica a las instrucciones dictadas por la Agencia Espa\u00f1ola de Protecci\u00f3n de Datos o cambios en nuestro sitio web. Por este motivo, aconsejamos a los usuarios que visiten peri\u00f3dicamente nuestra pol\u00edtica de privacidad. privacidad. Si tiene dudas sobre esta pol\u00edtica, puede contactar con MARIA ALEJANDRA M\u00c1RQUEZ G\u00d3MEZ a trav\u00e9s del siguiente correo electr\u00f3nico: sandramarquez@icav.es<\/p>\n\t\t\t\t\t\t\t\t<\/div>\n\t\t\t\t<\/div>\n\t\t\t\t\t<\/div>\n\t\t\t\t<\/div>\n\t\t\t\t<\/div>\n\t\t","protected":false},"excerpt":{"rendered":"<p>1. IDENTIFICACI\u00d3N Y DATOS DE CONTACTO DEL RESPONSABLE La organizaci\u00f3n MARIA ALEJANDRA M\u00c1RQUEZ G\u00d3MEZ, con domicilio en la C\/ SAN VICENTE M\u00c1RTIR N\u00ba 112-6 (46007 VALENCIA) VALENCIA, con N.I.F. 29188090D, tel\u00e9fono de contacto: 692931116 y correo electr\u00f3nico sandramarquez@icav.es. 2. FINALIDADES DEL TRATAMIENTO DE SUS DATOS PERSONALES USUARIOS\/NAVEGADORES DEL SITIO WEB DEL RESPONSABLE. Trataremos sus datos [&hellip;]<\/p>\n","protected":false},"author":1,"featured_media":0,"parent":0,"menu_order":0,"comment_status":"closed","ping_status":"closed","template":"elementor_header_footer","meta":{"footnotes":""},"class_list":["post-1851","page","type-page","status-publish","hentry"],"_links":{"self":[{"href":"https:\/\/expatlegalspain.com\/es\/wp-json\/wp\/v2\/pages\/1851","targetHints":{"allow":["GET"]}}],"collection":[{"href":"https:\/\/expatlegalspain.com\/es\/wp-json\/wp\/v2\/pages"}],"about":[{"href":"https:\/\/expatlegalspain.com\/es\/wp-json\/wp\/v2\/types\/page"}],"author":[{"embeddable":true,"href":"https:\/\/expatlegalspain.com\/es\/wp-json\/wp\/v2\/users\/1"}],"replies":[{"embeddable":true,"href":"https:\/\/expatlegalspain.com\/es\/wp-json\/wp\/v2\/comments?post=1851"}],"version-history":[{"count":3,"href":"https:\/\/expatlegalspain.com\/es\/wp-json\/wp\/v2\/pages\/1851\/revisions"}],"predecessor-version":[{"id":1902,"href":"https:\/\/expatlegalspain.com\/es\/wp-json\/wp\/v2\/pages\/1851\/revisions\/1902"}],"wp:attachment":[{"href":"https:\/\/expatlegalspain.com\/es\/wp-json\/wp\/v2\/media?parent=1851"}],"curies":[{"name":"wp","href":"https:\/\/api.w.org\/{rel}","templated":true}]}}